{"id":2,"date":"2020-11-04T14:12:31","date_gmt":"2020-11-04T14:12:31","guid":{"rendered":"http:\/\/anwalt-wallisch.at\/?page_id=2"},"modified":"2022-05-08T22:15:05","modified_gmt":"2022-05-08T22:15:05","slug":"biographie","status":"publish","type":"page","link":"https:\/\/anwalt-wallisch.at\/","title":{"rendered":"Biographie"},"content":{"rendered":"\n<ul class=\"wp-block-list\"><li>Rechtsanwaltsanw\u00e4rter bei Mag. Laurenz&nbsp;Strebl,&nbsp;A-1010 Wien (2001 \u2013 2005)<\/li><li>Ablegung der Rechtsanwaltspr\u00fcfung 2004, &nbsp;in die Liste der Rechtsanw\u00e4lte der Rechtsanwaltskammer Wien eingetragen&nbsp;seit 2005<\/li><li>Kanzleipartnerschaft SW Rechtsanw\u00e4lte Mag. Strebl &amp; Dr. Wallisch (2008 \u2013 2014)<\/li><li>Regiegemeinschaft mit RA Dr. Wolfgang Blaschitz seit Juni 2014<\/li><\/ul>\n\n\n\n<p><strong>Ausbildung&nbsp;<\/strong><\/p>\n\n\n\n<ul class=\"wp-block-list\"><li>Studium der Rechtswissenschaften an der Universit\u00e4t Wien (Mag.iur. 1999)<\/li><li>Doktorratsstudium an der Universit\u00e4t Wien bei o. Univ. Prof. Dr. Gert Iro und ao. Univ. Prof. Dr. Raimund Bollenberger<br>Dissertationsthema: Die Anrechnung im Erb- und Pflichtteilsrecht unter besonderer Ber\u00fccksichtigung der Pflichtteilserh\u00f6hung wegen Schenkungen<\/li><\/ul>\n","protected":false},"excerpt":{"rendered":"<p>Rechtsanwaltsanw\u00e4rter bei Mag. Laurenz&nbsp;Strebl,&nbsp;A-1010 Wien (2001 \u2013 2005) Ablegung der Rechtsanwaltspr\u00fcfung 2004, &nbsp;in die Liste der Rechtsanw\u00e4lte der Rechtsanwaltskammer Wien eingetragen&nbsp;seit 2005 Kanzleipartnerschaft SW Rechtsanw\u00e4lte Mag. Strebl &amp; Dr. Wallisch (2008 \u2013 2014) Regiegemeinschaft mit RA Dr. Wolfgang Blaschitz seit Juni 2014 Ausbildung&nbsp; Studium der Rechtswissenschaften an der Universit\u00e4t Wien (Mag.iur. 1999) Doktorratsstudium an der &hellip; <\/p>\n<p class=\"link-more\"><a href=\"https:\/\/anwalt-wallisch.at\/\" class=\"more-link\"><span class=\"screen-reader-text\">\u201eBiographie\u201c <\/span>weiterlesen<\/a><\/p>\n","protected":false},"author":1,"featured_media":77,"parent":0,"menu_order":0,"comment_status":"closed","ping_status":"closed","template":"","meta":{"footnotes":""},"class_list":["post-2","page","type-page","status-publish","has-post-thumbnail","hentry"],"yoast_head":"<!-- This site is optimized with the Yoast SEO plugin v26.7 - https:\/\/yoast.com\/wordpress\/plugins\/seo\/ -->\n<title>Rechtsanwalt Dr. Hannes Wallisch<\/title>\n<meta name=\"description\" content=\"Dr. Hannes Wallisch \u27a1 Schwerpunkte: \u2705 Erb- und Liegenschaftsrecht \u2705 Vertragsrecht \u2705 Zivilrecht \u27a1 \ud83d\udccd 1040 Wien \ud83d\udcde +43 1 5135251\" \/>\n<meta name=\"robots\" content=\"index, follow, max-snippet:-1, max-image-preview:large, max-video-preview:-1\" \/>\n<link rel=\"canonical\" href=\"https:\/\/anwalt-wallisch.at\/\" \/>\n<meta property=\"og:locale\" content=\"de_DE\" \/>\n<meta property=\"og:type\" content=\"article\" \/>\n<meta property=\"og:title\" content=\"Rechtsanwalt Dr. Hannes Wallisch\" \/>\n<meta property=\"og:description\" content=\"Dr. Hannes Wallisch \u27a1 Schwerpunkte: \u2705 Erb- und Liegenschaftsrecht \u2705 Vertragsrecht \u2705 Zivilrecht \u27a1 \ud83d\udccd 1040 Wien \ud83d\udcde +43 1 5135251\" \/>\n<meta property=\"og:url\" content=\"https:\/\/anwalt-wallisch.at\/\" \/>\n<meta property=\"og:site_name\" content=\"Dr. Hannes Wallisch\" \/>\n<meta property=\"article:modified_time\" content=\"2022-05-08T22:15:05+00:00\" \/>\n<meta property=\"og:image\" content=\"https:\/\/anwalt-wallisch.at\/wp-content\/uploads\/2022\/05\/Hannes-Wallisch-Portrait-1920x1080-1.webp\" \/>\n\t<meta property=\"og:image:width\" content=\"1920\" \/>\n\t<meta property=\"og:image:height\" content=\"1080\" \/>\n\t<meta property=\"og:image:type\" content=\"image\/webp\" \/>\n<meta name=\"twitter:card\" content=\"summary_large_image\" \/>\n<meta name=\"twitter:label1\" content=\"Gesch\u00e4tzte Lesezeit\" \/>\n\t<meta name=\"twitter:data1\" content=\"1\u00a0Minute\" \/>\n<script type=\"application\/ld+json\" class=\"yoast-schema-graph\">{\"@context\":\"https:\/\/schema.org\",\"@graph\":[{\"@type\":\"WebPage\",\"@id\":\"https:\/\/anwalt-wallisch.at\/\",\"url\":\"https:\/\/anwalt-wallisch.at\/\",\"name\":\"Rechtsanwalt Dr. Hannes Wallisch\",\"isPartOf\":{\"@id\":\"https:\/\/anwalt-wallisch.at\/#website\"},\"primaryImageOfPage\":{\"@id\":\"https:\/\/anwalt-wallisch.at\/#primaryimage\"},\"image\":{\"@id\":\"https:\/\/anwalt-wallisch.at\/#primaryimage\"},\"thumbnailUrl\":\"https:\/\/anwalt-wallisch.at\/wp-content\/uploads\/2022\/05\/Hannes-Wallisch-Portrait-1920x1080-1.webp\",\"datePublished\":\"2020-11-04T14:12:31+00:00\",\"dateModified\":\"2022-05-08T22:15:05+00:00\",\"description\":\"Dr. Hannes Wallisch \u27a1 Schwerpunkte: \u2705 Erb- und Liegenschaftsrecht \u2705 Vertragsrecht \u2705 Zivilrecht \u27a1 \ud83d\udccd 1040 Wien \ud83d\udcde +43 1 5135251\",\"breadcrumb\":{\"@id\":\"https:\/\/anwalt-wallisch.at\/#breadcrumb\"},\"inLanguage\":\"de\",\"potentialAction\":[{\"@type\":\"ReadAction\",\"target\":[\"https:\/\/anwalt-wallisch.at\/\"]}]},{\"@type\":\"ImageObject\",\"inLanguage\":\"de\",\"@id\":\"https:\/\/anwalt-wallisch.at\/#primaryimage\",\"url\":\"https:\/\/anwalt-wallisch.at\/wp-content\/uploads\/2022\/05\/Hannes-Wallisch-Portrait-1920x1080-1.webp\",\"contentUrl\":\"https:\/\/anwalt-wallisch.at\/wp-content\/uploads\/2022\/05\/Hannes-Wallisch-Portrait-1920x1080-1.webp\",\"width\":1920,\"height\":1080},{\"@type\":\"BreadcrumbList\",\"@id\":\"https:\/\/anwalt-wallisch.at\/#breadcrumb\",\"itemListElement\":[{\"@type\":\"ListItem\",\"position\":1,\"name\":\"Startseite\",\"item\":\"https:\/\/anwalt-wallisch.at\/\"},{\"@type\":\"ListItem\",\"position\":2,\"name\":\"Biographie\"}]},{\"@type\":\"WebSite\",\"@id\":\"https:\/\/anwalt-wallisch.at\/#website\",\"url\":\"https:\/\/anwalt-wallisch.at\/\",\"name\":\"Dr. Hannes Wallisch\",\"description\":\"Rechtsanwalt\",\"potentialAction\":[{\"@type\":\"SearchAction\",\"target\":{\"@type\":\"EntryPoint\",\"urlTemplate\":\"https:\/\/anwalt-wallisch.at\/?s={search_term_string}\"},\"query-input\":{\"@type\":\"PropertyValueSpecification\",\"valueRequired\":true,\"valueName\":\"search_term_string\"}}],\"inLanguage\":\"de\"}]}<\/script>\n<!-- \/ Yoast SEO plugin. -->","yoast_head_json":{"title":"Rechtsanwalt Dr. Hannes Wallisch","description":"Dr. Hannes Wallisch \u27a1 Schwerpunkte: \u2705 Erb- und Liegenschaftsrecht \u2705 Vertragsrecht \u2705 Zivilrecht \u27a1 \ud83d\udccd 1040 Wien \ud83d\udcde +43 1 5135251","robots":{"index":"index","follow":"follow","max-snippet":"max-snippet:-1","max-image-preview":"max-image-preview:large","max-video-preview":"max-video-preview:-1"},"canonical":"https:\/\/anwalt-wallisch.at\/","og_locale":"de_DE","og_type":"article","og_title":"Rechtsanwalt Dr. Hannes Wallisch","og_description":"Dr. Hannes Wallisch \u27a1 Schwerpunkte: \u2705 Erb- und Liegenschaftsrecht \u2705 Vertragsrecht \u2705 Zivilrecht \u27a1 \ud83d\udccd 1040 Wien \ud83d\udcde +43 1 5135251","og_url":"https:\/\/anwalt-wallisch.at\/","og_site_name":"Dr. Hannes Wallisch","article_modified_time":"2022-05-08T22:15:05+00:00","og_image":[{"width":1920,"height":1080,"url":"https:\/\/anwalt-wallisch.at\/wp-content\/uploads\/2022\/05\/Hannes-Wallisch-Portrait-1920x1080-1.webp","type":"image\/webp"}],"twitter_card":"summary_large_image","twitter_misc":{"Gesch\u00e4tzte Lesezeit":"1\u00a0Minute"},"schema":{"@context":"https:\/\/schema.org","@graph":[{"@type":"WebPage","@id":"https:\/\/anwalt-wallisch.at\/","url":"https:\/\/anwalt-wallisch.at\/","name":"Rechtsanwalt Dr. Hannes Wallisch","isPartOf":{"@id":"https:\/\/anwalt-wallisch.at\/#website"},"primaryImageOfPage":{"@id":"https:\/\/anwalt-wallisch.at\/#primaryimage"},"image":{"@id":"https:\/\/anwalt-wallisch.at\/#primaryimage"},"thumbnailUrl":"https:\/\/anwalt-wallisch.at\/wp-content\/uploads\/2022\/05\/Hannes-Wallisch-Portrait-1920x1080-1.webp","datePublished":"2020-11-04T14:12:31+00:00","dateModified":"2022-05-08T22:15:05+00:00","description":"Dr. Hannes Wallisch \u27a1 Schwerpunkte: \u2705 Erb- und Liegenschaftsrecht \u2705 Vertragsrecht \u2705 Zivilrecht \u27a1 \ud83d\udccd 1040 Wien \ud83d\udcde +43 1 5135251","breadcrumb":{"@id":"https:\/\/anwalt-wallisch.at\/#breadcrumb"},"inLanguage":"de","potentialAction":[{"@type":"ReadAction","target":["https:\/\/anwalt-wallisch.at\/"]}]},{"@type":"ImageObject","inLanguage":"de","@id":"https:\/\/anwalt-wallisch.at\/#primaryimage","url":"https:\/\/anwalt-wallisch.at\/wp-content\/uploads\/2022\/05\/Hannes-Wallisch-Portrait-1920x1080-1.webp","contentUrl":"https:\/\/anwalt-wallisch.at\/wp-content\/uploads\/2022\/05\/Hannes-Wallisch-Portrait-1920x1080-1.webp","width":1920,"height":1080},{"@type":"BreadcrumbList","@id":"https:\/\/anwalt-wallisch.at\/#breadcrumb","itemListElement":[{"@type":"ListItem","position":1,"name":"Startseite","item":"https:\/\/anwalt-wallisch.at\/"},{"@type":"ListItem","position":2,"name":"Biographie"}]},{"@type":"WebSite","@id":"https:\/\/anwalt-wallisch.at\/#website","url":"https:\/\/anwalt-wallisch.at\/","name":"Dr. Hannes Wallisch","description":"Rechtsanwalt","potentialAction":[{"@type":"SearchAction","target":{"@type":"EntryPoint","urlTemplate":"https:\/\/anwalt-wallisch.at\/?s={search_term_string}"},"query-input":{"@type":"PropertyValueSpecification","valueRequired":true,"valueName":"search_term_string"}}],"inLanguage":"de"}]}},"_links":{"self":[{"href":"https:\/\/anwalt-wallisch.at\/index.php?rest_route=\/wp\/v2\/pages\/2","targetHints":{"allow":["GET"]}}],"collection":[{"href":"https:\/\/anwalt-wallisch.at\/index.php?rest_route=\/wp\/v2\/pages"}],"about":[{"href":"https:\/\/anwalt-wallisch.at\/index.php?rest_route=\/wp\/v2\/types\/page"}],"author":[{"embeddable":true,"href":"https:\/\/anwalt-wallisch.at\/index.php?rest_route=\/wp\/v2\/users\/1"}],"replies":[{"embeddable":true,"href":"https:\/\/anwalt-wallisch.at\/index.php?rest_route=%2Fwp%2Fv2%2Fcomments&post=2"}],"version-history":[{"count":2,"href":"https:\/\/anwalt-wallisch.at\/index.php?rest_route=\/wp\/v2\/pages\/2\/revisions"}],"predecessor-version":[{"id":48,"href":"https:\/\/anwalt-wallisch.at\/index.php?rest_route=\/wp\/v2\/pages\/2\/revisions\/48"}],"wp:featuredmedia":[{"embeddable":true,"href":"https:\/\/anwalt-wallisch.at\/index.php?rest_route=\/wp\/v2\/media\/77"}],"wp:attachment":[{"href":"https:\/\/anwalt-wallisch.at\/index.php?rest_route=%2Fwp%2Fv2%2Fmedia&parent=2"}],"curies":[{"name":"wp","href":"https:\/\/api.w.org\/{rel}","templated":true}]}}